{"id":51,"date":"2023-11-06T12:59:03","date_gmt":"2023-11-06T18:59:03","guid":{"rendered":"https:\/\/fima.com.mx\/?page_id=51"},"modified":"2024-05-27T15:48:10","modified_gmt":"2024-05-27T21:48:10","slug":"marcas-propias","status":"publish","type":"page","link":"https:\/\/fima.com.mx\/en\/marcas-propias\/","title":{"rendered":"PRIVATE LABELS"},"content":{"rendered":"<div data-elementor-type=\"wp-page\" data-elementor-id=\"51\" class=\"elementor elementor-51\" data-elementor-post-type=\"page\">\n\t\t\t\t<div class=\"elementor-element elementor-element-3767dbbf e-flex e-con-boxed e-con e-parent\" data-id=\"3767dbbf\" data-element_type=\"container\" data-settings=\"{&quot;background_background&quot;:&quot;classic&quot;}\">\n\t\t\t\t\t<div class=\"e-con-inner\">\n\t\t<div class=\"elementor-element elementor-element-9417fa5 e-con-full e-flex e-con e-child\" data-id=\"9417fa5\" data-element_type=\"container\">\n\t\t\t\t<div class=\"elementor-element elementor-element-da4561d elementor-widget elementor-widget-heading\" data-id=\"da4561d\" data-element_type=\"widget\" data-widget_type=\"heading.default\">\n\t\t\t\t<div class=\"elementor-widget-container\">\n\t\t\t<style>\/*! elementor - v3.23.0 - 05-08-2024 *\/\n.elementor-heading-title{padding:0;margin:0;line-height:1}.elementor-widget-heading .elementor-heading-title[class*=elementor-size-]>a{color:inherit;font-size:inherit;line-height:inherit}.elementor-widget-heading .elementor-heading-title.elementor-size-small{font-size:15px}.elementor-widget-heading .elementor-heading-title.elementor-size-medium{font-size:19px}.elementor-widget-heading .elementor-heading-title.elementor-size-large{font-size:29px}.elementor-widget-heading .elementor-heading-title.elementor-size-xl{font-size:39px}.elementor-widget-heading .elementor-heading-title.elementor-size-xxl{font-size:59px}<\/style><h1 class=\"elementor-heading-title elementor-size-default\">Your Retail Success with Our Established Brands<\/h1>\t\t<\/div>\n\t\t\t\t<\/div>\n\t\t\t\t<div class=\"elementor-element elementor-element-28aca36d elementor-widget elementor-widget-text-editor\" data-id=\"28aca36d\" data-element_type=\"widget\" data-widget_type=\"text-editor.default\">\n\t\t\t\t<div class=\"elementor-widget-container\">\n\t\t\t<style>\/*! elementor - v3.23.0 - 05-08-2024 *\/\n.elementor-widget-text-editor.elementor-drop-cap-view-stacked .elementor-drop-cap{background-color:#69727d;color:#fff}.elementor-widget-text-editor.elementor-drop-cap-view-framed .elementor-drop-cap{color:#69727d;border:3px solid;background-color:transparent}.elementor-widget-text-editor:not(.elementor-drop-cap-view-default) .elementor-drop-cap{margin-top:8px}.elementor-widget-text-editor:not(.elementor-drop-cap-view-default) .elementor-drop-cap-letter{width:1em;height:1em}.elementor-widget-text-editor .elementor-drop-cap{float:left;text-align:center;line-height:1;font-size:50px}.elementor-widget-text-editor .elementor-drop-cap-letter{display:inline-block}<\/style>\t\t\t\t<p>If you're looking to quickly launch cleaning products under a recognized brand with an established reputation, our selection of own brands is your ideal solution. <br \/>With options ranging from kitchen to personal care and eco-friendly products, we have a brand ready to meet the demands of your market and enrich your product offering.<\/p>\t\t\t\t\t\t<\/div>\n\t\t\t\t<\/div>\n\t\t\t\t<\/div>\n\t\t<div class=\"elementor-element elementor-element-b72414a e-con-full e-flex e-con e-child\" data-id=\"b72414a\" data-element_type=\"container\">\n\t\t\t\t<div class=\"elementor-element elementor-element-134c716 elementor-widget elementor-widget-image\" data-id=\"134c716\" data-element_type=\"widget\" data-widget_type=\"image.default\">\n\t\t\t\t<div class=\"elementor-widget-container\">\n\t\t\t<style>\/*! elementor - v3.23.0 - 05-08-2024 *\/\n.elementor-widget-image{text-align:center}.elementor-widget-image a{display:inline-block}.elementor-widget-image a img[src$=\".svg\"]{width:48px}.elementor-widget-image img{vertical-align:middle;display:inline-block}<\/style>\t\t\t\t\t\t\t\t\t\t<img fetchpriority=\"high\" decoding=\"async\" width=\"1024\" height=\"689\" src=\"https:\/\/fima.com.mx\/wp-content\/uploads\/2024\/05\/bodegon-general-small-3ss-2048x1378-copia-1024x689.webp\" class=\"attachment-large size-large wp-image-1155\" alt=\"\" srcset=\"https:\/\/fima.com.mx\/wp-content\/uploads\/2024\/05\/bodegon-general-small-3ss-2048x1378-copia-1024x689.webp 1024w, https:\/\/fima.com.mx\/wp-content\/uploads\/2024\/05\/bodegon-general-small-3ss-2048x1378-copia-300x202.webp 300w, https:\/\/fima.com.mx\/wp-content\/uploads\/2024\/05\/bodegon-general-small-3ss-2048x1378-copia-768x517.webp 768w, https:\/\/fima.com.mx\/wp-content\/uploads\/2024\/05\/bodegon-general-small-3ss-2048x1378-copia-1536x1034.webp 1536w, https:\/\/fima.com.mx\/wp-content\/uploads\/2024\/05\/bodegon-general-small-3ss-2048x1378-copia-18x12.webp 18w, https:\/\/fima.com.mx\/wp-content\/uploads\/2024\/05\/bodegon-general-small-3ss-2048x1378-copia-800x538.webp 800w, https:\/\/fima.com.mx\/wp-content\/uploads\/2024\/05\/bodegon-general-small-3ss-2048x1378-copia.webp 2048w\" sizes=\"(max-width: 1024px) 100vw, 1024px\" \/>\t\t\t\t\t\t\t\t\t\t\t\t\t<\/div>\n\t\t\t\t<\/div>\n\t\t\t\t<\/div>\n\t\t\t\t\t<\/div>\n\t\t\t\t<\/div>\n\t\t<div class=\"elementor-element elementor-element-d00b0ad e-flex e-con-boxed e-con e-parent\" data-id=\"d00b0ad\" data-element_type=\"container\">\n\t\t\t\t\t<div class=\"e-con-inner\">\n\t\t\t\t<div class=\"elementor-element elementor-element-7511466 elementor-widget elementor-widget-heading\" data-id=\"7511466\" data-element_type=\"widget\" data-widget_type=\"heading.default\">\n\t\t\t\t<div class=\"elementor-widget-container\">\n\t\t\t<h2 class=\"elementor-heading-title elementor-size-default\">Explore our market-ready brands and find the perfect one for your business<\/h2>\t\t<\/div>\n\t\t\t\t<\/div>\n\t\t\t\t\t<\/div>\n\t\t\t\t<\/div>\n\t\t<div class=\"elementor-element elementor-element-3cdd34fd e-flex e-con-boxed e-con e-parent\" data-id=\"3cdd34fd\" data-element_type=\"container\">\n\t\t\t\t\t<div class=\"e-con-inner\">\n\t\t<div class=\"elementor-element elementor-element-3aa8c4dc e-con-full e-flex e-con e-child\" data-id=\"3aa8c4dc\" data-element_type=\"container\">\n\t\t<div class=\"elementor-element elementor-element-1d3f25a0 e-con-full e-flex e-con e-child\" data-id=\"1d3f25a0\" data-element_type=\"container\">\n\t\t\t\t<div class=\"elementor-element elementor-element-758bebdd elementor-widget elementor-widget-image\" data-id=\"758bebdd\" data-element_type=\"widget\" data-widget_type=\"image.default\">\n\t\t\t\t<div class=\"elementor-widget-container\">\n\t\t\t\t\t\t\t\t\t\t\t\t\t<img decoding=\"async\" width=\"1000\" height=\"1000\" src=\"https:\/\/fima.com.mx\/wp-content\/uploads\/2023\/11\/dectello-productos.webp\" class=\"attachment-large size-large wp-image-371\" alt=\"\" srcset=\"https:\/\/fima.com.mx\/wp-content\/uploads\/2023\/11\/dectello-productos.webp 1000w, https:\/\/fima.com.mx\/wp-content\/uploads\/2023\/11\/dectello-productos-300x300.webp 300w, https:\/\/fima.com.mx\/wp-content\/uploads\/2023\/11\/dectello-productos-800x800.webp 800w, https:\/\/fima.com.mx\/wp-content\/uploads\/2023\/11\/dectello-productos-150x150.webp 150w, https:\/\/fima.com.mx\/wp-content\/uploads\/2023\/11\/dectello-productos-768x768.webp 768w\" sizes=\"(max-width: 1000px) 100vw, 1000px\" \/>\t\t\t\t\t\t\t\t\t\t\t\t\t<\/div>\n\t\t\t\t<\/div>\n\t\t\t\t<\/div>\n\t\t\t\t<\/div>\n\t\t<div class=\"elementor-element elementor-element-9b3938 e-con-full e-flex e-con e-child\" data-id=\"9b3938\" data-element_type=\"container\">\n\t\t\t\t<div class=\"elementor-element elementor-element-7af1a6e elementor-widget elementor-widget-heading\" data-id=\"7af1a6e\" data-element_type=\"widget\" data-widget_type=\"heading.default\">\n\t\t\t\t<div class=\"elementor-widget-container\">\n\t\t\t<h2 class=\"elementor-heading-title elementor-size-default\">Shine and functionality for your Kitchen<\/h2>\t\t<\/div>\n\t\t\t\t<\/div>\n\t\t\t\t<div class=\"elementor-element elementor-element-1333f4d elementor-widget elementor-widget-text-editor\" data-id=\"1333f4d\" data-element_type=\"widget\" data-widget_type=\"text-editor.default\">\n\t\t\t\t<div class=\"elementor-widget-container\">\n\t\t\t\t\t\t\t<p><strong>Dextello<\/strong> stands for innovation and effectiveness in the kitchen. <br \/>Our range of products is designed to tackle the most demanding cleaning challenges, combining quality and design in every item.<br \/>Explore our catalog and discover solutions that promise to leave every kitchen sparkling and inviting.<\/p>\t\t\t\t\t\t<\/div>\n\t\t\t\t<\/div>\n\t\t\t\t<\/div>\n\t\t\t\t\t<\/div>\n\t\t\t\t<\/div>\n\t\t<div class=\"elementor-element elementor-element-7967f89 e-flex e-con-boxed e-con e-parent\" data-id=\"7967f89\" data-element_type=\"container\" data-settings=\"{&quot;background_background&quot;:&quot;classic&quot;}\">\n\t\t\t\t\t<div class=\"e-con-inner\">\n\t\t<div class=\"elementor-element elementor-element-8864b96 e-con-full e-flex e-con e-child\" data-id=\"8864b96\" data-element_type=\"container\">\n\t\t<div class=\"elementor-element elementor-element-10f753c e-con-full e-flex e-con e-child\" data-id=\"10f753c\" data-element_type=\"container\">\n\t\t\t\t<div class=\"elementor-element elementor-element-90f3541 elementor-widget elementor-widget-image\" data-id=\"90f3541\" data-element_type=\"widget\" data-widget_type=\"image.default\">\n\t\t\t\t<div class=\"elementor-widget-container\">\n\t\t\t\t\t\t\t\t\t\t\t\t\t<img decoding=\"async\" width=\"1000\" height=\"1000\" src=\"https:\/\/fima.com.mx\/wp-content\/uploads\/2023\/11\/spumi-productos.webp\" class=\"attachment-large size-large wp-image-372\" alt=\"\" srcset=\"https:\/\/fima.com.mx\/wp-content\/uploads\/2023\/11\/spumi-productos.webp 1000w, https:\/\/fima.com.mx\/wp-content\/uploads\/2023\/11\/spumi-productos-300x300.webp 300w, https:\/\/fima.com.mx\/wp-content\/uploads\/2023\/11\/spumi-productos-800x800.webp 800w, https:\/\/fima.com.mx\/wp-content\/uploads\/2023\/11\/spumi-productos-150x150.webp 150w, https:\/\/fima.com.mx\/wp-content\/uploads\/2023\/11\/spumi-productos-768x768.webp 768w\" sizes=\"(max-width: 1000px) 100vw, 1000px\" \/>\t\t\t\t\t\t\t\t\t\t\t\t\t<\/div>\n\t\t\t\t<\/div>\n\t\t\t\t<\/div>\n\t\t\t\t<\/div>\n\t\t<div class=\"elementor-element elementor-element-89b201a e-con-full e-flex e-con e-child\" data-id=\"89b201a\" data-element_type=\"container\">\n\t\t\t\t<div class=\"elementor-element elementor-element-789ffd7 elementor-widget elementor-widget-heading\" data-id=\"789ffd7\" data-element_type=\"widget\" data-widget_type=\"heading.default\">\n\t\t\t\t<div class=\"elementor-widget-container\">\n\t\t\t<h2 class=\"elementor-heading-title elementor-size-default\">Personal Care, Naturally Refreshing<\/h2>\t\t<\/div>\n\t\t\t\t<\/div>\n\t\t\t\t<div class=\"elementor-element elementor-element-dd36225 elementor-widget elementor-widget-text-editor\" data-id=\"dd36225\" data-element_type=\"widget\" data-widget_type=\"text-editor.default\">\n\t\t\t\t<div class=\"elementor-widget-container\">\n\t\t\t\t\t\t\t<p><strong>Spumi<\/strong> offers you a revitalizing personal care experience. <br \/>Each sponge and accessory is created to provide deep cleaning and a moment of relaxation in your daily routine. <br \/>Our products combine softness and durability, ideal for any personal care line.<\/p>\t\t\t\t\t\t<\/div>\n\t\t\t\t<\/div>\n\t\t\t\t<\/div>\n\t\t\t\t\t<\/div>\n\t\t\t\t<\/div>\n\t\t<div class=\"elementor-element elementor-element-7d6eac3 elementor-hidden-desktop elementor-hidden-tablet elementor-hidden-mobile e-flex e-con-boxed e-con e-parent\" data-id=\"7d6eac3\" data-element_type=\"container\">\n\t\t\t\t\t<div class=\"e-con-inner\">\n\t\t<div class=\"elementor-element elementor-element-379fb0f e-con-full e-flex e-con e-child\" data-id=\"379fb0f\" data-element_type=\"container\">\n\t\t<div class=\"elementor-element elementor-element-121baab e-con-full e-flex e-con e-child\" data-id=\"121baab\" data-element_type=\"container\">\n\t\t\t\t<div class=\"elementor-element elementor-element-f2a469a elementor-widget elementor-widget-image\" data-id=\"f2a469a\" data-element_type=\"widget\" data-widget_type=\"image.default\">\n\t\t\t\t<div class=\"elementor-widget-container\">\n\t\t\t\t\t\t\t\t\t\t\t\t\t<img loading=\"lazy\" decoding=\"async\" width=\"1000\" height=\"1000\" src=\"https:\/\/fima.com.mx\/wp-content\/uploads\/2023\/11\/ecoclean-productos.webp\" class=\"attachment-large size-large wp-image-373\" alt=\"\" srcset=\"https:\/\/fima.com.mx\/wp-content\/uploads\/2023\/11\/ecoclean-productos.webp 1000w, https:\/\/fima.com.mx\/wp-content\/uploads\/2023\/11\/ecoclean-productos-300x300.webp 300w, https:\/\/fima.com.mx\/wp-content\/uploads\/2023\/11\/ecoclean-productos-800x800.webp 800w, https:\/\/fima.com.mx\/wp-content\/uploads\/2023\/11\/ecoclean-productos-150x150.webp 150w, https:\/\/fima.com.mx\/wp-content\/uploads\/2023\/11\/ecoclean-productos-768x768.webp 768w\" sizes=\"(max-width: 1000px) 100vw, 1000px\" \/>\t\t\t\t\t\t\t\t\t\t\t\t\t<\/div>\n\t\t\t\t<\/div>\n\t\t\t\t<\/div>\n\t\t\t\t<\/div>\n\t\t<div class=\"elementor-element elementor-element-4b21d35 e-con-full e-flex e-con e-child\" data-id=\"4b21d35\" data-element_type=\"container\">\n\t\t\t\t<div class=\"elementor-element elementor-element-311d171 elementor-widget elementor-widget-heading\" data-id=\"311d171\" data-element_type=\"widget\" data-widget_type=\"heading.default\">\n\t\t\t\t<div class=\"elementor-widget-container\">\n\t\t\t<h2 class=\"elementor-heading-title elementor-size-default\">Conscious Cleaning, Sustainable Future<\/h2>\t\t<\/div>\n\t\t\t\t<\/div>\n\t\t\t\t<div class=\"elementor-element elementor-element-ae3a9fa elementor-widget elementor-widget-text-editor\" data-id=\"ae3a9fa\" data-element_type=\"widget\" data-widget_type=\"text-editor.default\">\n\t\t\t\t<div class=\"elementor-widget-container\">\n\t\t\t\t\t\t\t<p><strong>Ecoclean<\/strong> Ecoclean is the choice for environmentally conscious individuals.<br \/>Our eco-friendly line offers products made from sustainable materials and processes that are respectful to the planet. <br \/>By choosing <strong>Ecoclean<\/strong>you choose a cleaner and greener future for everyone.<\/p>\t\t\t\t\t\t<\/div>\n\t\t\t\t<\/div>\n\t\t\t\t<\/div>\n\t\t\t\t\t<\/div>\n\t\t\t\t<\/div>\n\t\t<div class=\"elementor-element elementor-element-37faa4a1 e-flex e-con-boxed e-con e-parent\" data-id=\"37faa4a1\" data-element_type=\"container\" data-settings=\"{&quot;background_background&quot;:&quot;classic&quot;}\">\n\t\t\t\t\t<div class=\"e-con-inner\">\n\t\t\t\t<div class=\"elementor-element elementor-element-fd92347 elementor-widget elementor-widget-heading\" data-id=\"fd92347\" data-element_type=\"widget\" data-widget_type=\"heading.default\">\n\t\t\t\t<div class=\"elementor-widget-container\">\n\t\t\t<h2 class=\"elementor-heading-title elementor-size-default\">Take the next step towards the success of your business <br> Contact us and discover the ideal brand for you<\/h2>\t\t<\/div>\n\t\t\t\t<\/div>\n\t\t\t\t<div class=\"elementor-element elementor-element-7f671ce9 elementor-align-center elementor-mobile-align-center elementor-widget elementor-widget-button\" data-id=\"7f671ce9\" data-element_type=\"widget\" data-widget_type=\"button.default\">\n\t\t\t\t<div class=\"elementor-widget-container\">\n\t\t\t\t\t<div class=\"elementor-button-wrapper\">\n\t\t\t<a class=\"elementor-button elementor-button-link elementor-size-sm\" href=\"https:\/\/fima.com.mx\/en\/contacto\/\">\n\t\t\t\t\t\t<span class=\"elementor-button-content-wrapper\">\n\t\t\t\t\t\t\t\t\t<span class=\"elementor-button-text\">Contact<\/span>\n\t\t\t\t\t<\/span>\n\t\t\t\t\t<\/a>\n\t\t<\/div>\n\t\t\t\t<\/div>\n\t\t\t\t<\/div>\n\t\t\t\t\t<\/div>\n\t\t\t\t<\/div>\n\t\t\t\t<\/div>","protected":false},"excerpt":{"rendered":"<p>Tu \u00c9xito en Retail con Nuestras Marcas Establecidas Si est\u00e1s buscando lanzar r\u00e1pidamente productos de limpieza bajo una marca ya reconocida y con una reputaci\u00f3n establecida, nuestra selecci\u00f3n de marcas propias es tu soluci\u00f3n ideal. Con opciones que abarcan desde la cocina hasta el cuidado personal y productos ecol\u00f3gicos, tenemos una marca lista para satisfacer [&hellip;]<\/p>","protected":false},"author":1,"featured_media":0,"parent":0,"menu_order":0,"comment_status":"closed","ping_status":"closed","template":"","meta":{"footnotes":""},"class_list":["post-51","page","type-page","status-publish","hentry","wpbf-post"],"_links":{"self":[{"href":"https:\/\/fima.com.mx\/en\/wp-json\/wp\/v2\/pages\/51","targetHints":{"allow":["GET"]}}],"collection":[{"href":"https:\/\/fima.com.mx\/en\/wp-json\/wp\/v2\/pages"}],"about":[{"href":"https:\/\/fima.com.mx\/en\/wp-json\/wp\/v2\/types\/page"}],"author":[{"embeddable":true,"href":"https:\/\/fima.com.mx\/en\/wp-json\/wp\/v2\/users\/1"}],"replies":[{"embeddable":true,"href":"https:\/\/fima.com.mx\/en\/wp-json\/wp\/v2\/comments?post=51"}],"version-history":[{"count":28,"href":"https:\/\/fima.com.mx\/en\/wp-json\/wp\/v2\/pages\/51\/revisions"}],"predecessor-version":[{"id":1158,"href":"https:\/\/fima.com.mx\/en\/wp-json\/wp\/v2\/pages\/51\/revisions\/1158"}],"wp:attachment":[{"href":"https:\/\/fima.com.mx\/en\/wp-json\/wp\/v2\/media?parent=51"}],"curies":[{"name":"wp","href":"https:\/\/api.w.org\/{rel}","templated":true}]}}