{"id":45,"date":"2023-11-06T12:57:29","date_gmt":"2023-11-06T18:57:29","guid":{"rendered":"https:\/\/fima.com.mx\/?page_id=45"},"modified":"2024-08-09T11:44:47","modified_gmt":"2024-08-09T17:44:47","slug":"nosotros","status":"publish","type":"page","link":"https:\/\/fima.com.mx\/en\/nosotros\/","title":{"rendered":"Nosotros"},"content":{"rendered":"<div data-elementor-type=\"wp-page\" data-elementor-id=\"45\" class=\"elementor elementor-45\" data-elementor-post-type=\"page\">\n\t\t\t\t<div class=\"elementor-element elementor-element-b95cbf5 e-flex e-con-boxed e-con e-parent\" data-id=\"b95cbf5\" data-element_type=\"container\" data-settings=\"{&quot;background_background&quot;:&quot;classic&quot;}\">\n\t\t\t\t\t<div class=\"e-con-inner\">\n\t\t\t\t<div class=\"elementor-element elementor-element-bd9246f elementor-widget elementor-widget-heading\" data-id=\"bd9246f\" data-element_type=\"widget\" data-widget_type=\"heading.default\">\n\t\t\t\t<div class=\"elementor-widget-container\">\n\t\t\t<style>\/*! elementor - v3.23.0 - 05-08-2024 *\/\n.elementor-heading-title{padding:0;margin:0;line-height:1}.elementor-widget-heading .elementor-heading-title[class*=elementor-size-]>a{color:inherit;font-size:inherit;line-height:inherit}.elementor-widget-heading .elementor-heading-title.elementor-size-small{font-size:15px}.elementor-widget-heading .elementor-heading-title.elementor-size-medium{font-size:19px}.elementor-widget-heading .elementor-heading-title.elementor-size-large{font-size:29px}.elementor-widget-heading .elementor-heading-title.elementor-size-xl{font-size:39px}.elementor-widget-heading .elementor-heading-title.elementor-size-xxl{font-size:59px}<\/style><h2 class=\"elementor-heading-title elementor-size-default\">Decades of Experience at Your Service<\/h2>\t\t<\/div>\n\t\t\t\t<\/div>\n\t\t\t\t<div class=\"elementor-element elementor-element-68cdcdc elementor-widget elementor-widget-text-editor\" data-id=\"68cdcdc\" data-element_type=\"widget\" data-widget_type=\"text-editor.default\">\n\t\t\t\t<div class=\"elementor-widget-container\">\n\t\t\t<style>\/*! elementor - v3.23.0 - 05-08-2024 *\/\n.elementor-widget-text-editor.elementor-drop-cap-view-stacked .elementor-drop-cap{background-color:#69727d;color:#fff}.elementor-widget-text-editor.elementor-drop-cap-view-framed .elementor-drop-cap{color:#69727d;border:3px solid;background-color:transparent}.elementor-widget-text-editor:not(.elementor-drop-cap-view-default) .elementor-drop-cap{margin-top:8px}.elementor-widget-text-editor:not(.elementor-drop-cap-view-default) .elementor-drop-cap-letter{width:1em;height:1em}.elementor-widget-text-editor .elementor-drop-cap{float:left;text-align:center;line-height:1;font-size:50px}.elementor-widget-text-editor .elementor-drop-cap-letter{display:inline-block}<\/style>\t\t\t\t<p>We are a company with nearly 50 years of experience, involving of over 400 individuals dedicated to manufacturing home cleaning, car care, and personal hygiene products under our clients' brands.<\/p><p>With a vision of growth and globalization, we began exporting products and importing materials from various countries. Currently, 85% of our production is for export, and we conduct business with 10 countries around the world.<\/p>\t\t\t\t\t\t<\/div>\n\t\t\t\t<\/div>\n\t\t\t\t\t<\/div>\n\t\t\t\t<\/div>\n\t\t<div class=\"elementor-element elementor-element-f085999 e-flex e-con-boxed e-con e-parent\" data-id=\"f085999\" data-element_type=\"container\">\n\t\t\t\t\t<div class=\"e-con-inner\">\n\t\t<div class=\"elementor-element elementor-element-aeece4b e-flex e-con-boxed e-con e-child\" data-id=\"aeece4b\" data-element_type=\"container\">\n\t\t\t\t\t<div class=\"e-con-inner\">\n\t\t<div class=\"elementor-element elementor-element-3367931 e-con-full e-flex e-con e-child\" data-id=\"3367931\" data-element_type=\"container\" data-settings=\"{&quot;background_background&quot;:&quot;classic&quot;}\">\n\t\t\t\t<div class=\"elementor-element elementor-element-53c1ce9 elementor-widget elementor-widget-counter\" data-id=\"53c1ce9\" data-element_type=\"widget\" data-widget_type=\"counter.default\">\n\t\t\t\t<div class=\"elementor-widget-container\">\n\t\t\t<style>\/*! elementor - v3.23.0 - 05-08-2024 *\/\n.elementor-counter{display:flex;justify-content:center;align-items:stretch;flex-direction:column-reverse}.elementor-counter .elementor-counter-number{flex-grow:var(--counter-number-grow,0)}.elementor-counter .elementor-counter-number-wrapper{flex:1;display:flex;font-size:69px;font-weight:600;line-height:1;text-align:center}.elementor-counter .elementor-counter-number-prefix{text-align:end;flex-grow:var(--counter-prefix-grow,1);white-space:pre-wrap}.elementor-counter .elementor-counter-number-suffix{text-align:start;flex-grow:var(--counter-suffix-grow,1);white-space:pre-wrap}.elementor-counter .elementor-counter-title{flex:1;display:flex;justify-content:center;align-items:center;margin:0;padding:0;font-size:19px;font-weight:400;line-height:2.5}<\/style>\t\t<div class=\"elementor-counter\">\n\t\t\t<div class=\"elementor-counter-title\">Years<\/div>\t\t\t<div class=\"elementor-counter-number-wrapper\">\n\t\t\t\t<span class=\"elementor-counter-number-prefix\">+<\/span>\n\t\t\t\t<span class=\"elementor-counter-number\" data-duration=\"2000\" data-to-value=\"45\" data-from-value=\"0\" data-delimiter=\",\">0<\/span>\n\t\t\t\t<span class=\"elementor-counter-number-suffix\"><\/span>\n\t\t\t<\/div>\n\t\t<\/div>\n\t\t\t\t<\/div>\n\t\t\t\t<\/div>\n\t\t\t\t<div class=\"elementor-element elementor-element-b0f19d4 elementor-widget elementor-widget-counter\" data-id=\"b0f19d4\" data-element_type=\"widget\" data-widget_type=\"counter.default\">\n\t\t\t\t<div class=\"elementor-widget-container\">\n\t\t\t\t\t<div class=\"elementor-counter\">\n\t\t\t<div class=\"elementor-counter-title\">Employees<\/div>\t\t\t<div class=\"elementor-counter-number-wrapper\">\n\t\t\t\t<span class=\"elementor-counter-number-prefix\">+<\/span>\n\t\t\t\t<span class=\"elementor-counter-number\" data-duration=\"2000\" data-to-value=\"400\" data-from-value=\"0\" data-delimiter=\",\">0<\/span>\n\t\t\t\t<span class=\"elementor-counter-number-suffix\"><\/span>\n\t\t\t<\/div>\n\t\t<\/div>\n\t\t\t\t<\/div>\n\t\t\t\t<\/div>\n\t\t\t\t<div class=\"elementor-element elementor-element-76e2afa elementor-widget elementor-widget-counter\" data-id=\"76e2afa\" data-element_type=\"widget\" data-widget_type=\"counter.default\">\n\t\t\t\t<div class=\"elementor-widget-container\">\n\t\t\t\t\t<div class=\"elementor-counter\">\n\t\t\t<div class=\"elementor-counter-title\">millones de piezas producidas al a\u00f1o<\/div>\t\t\t<div class=\"elementor-counter-number-wrapper\">\n\t\t\t\t<span class=\"elementor-counter-number-prefix\">+<\/span>\n\t\t\t\t<span class=\"elementor-counter-number\" data-duration=\"2000\" data-to-value=\"180\" data-from-value=\"0\" data-delimiter=\",\">0<\/span>\n\t\t\t\t<span class=\"elementor-counter-number-suffix\"><\/span>\n\t\t\t<\/div>\n\t\t<\/div>\n\t\t\t\t<\/div>\n\t\t\t\t<\/div>\n\t\t\t\t<\/div>\n\t\t<div class=\"elementor-element elementor-element-4a07437 e-con-full e-flex e-con e-child\" data-id=\"4a07437\" data-element_type=\"container\">\n\t\t\t\t<div class=\"elementor-element elementor-element-f76f522 elementor-widget elementor-widget-image\" data-id=\"f76f522\" data-element_type=\"widget\" data-widget_type=\"image.default\">\n\t\t\t\t<div class=\"elementor-widget-container\">\n\t\t\t<style>\/*! elementor - v3.23.0 - 05-08-2024 *\/\n.elementor-widget-image{text-align:center}.elementor-widget-image a{display:inline-block}.elementor-widget-image a img[src$=\".svg\"]{width:48px}.elementor-widget-image img{vertical-align:middle;display:inline-block}<\/style>\t\t\t\t\t\t\t\t\t\t<img fetchpriority=\"high\" decoding=\"async\" width=\"1024\" height=\"578\" src=\"https:\/\/fima.com.mx\/wp-content\/uploads\/2023\/11\/Planta-FIMA-1024x578.webp\" class=\"attachment-large size-large wp-image-79\" alt=\"\" srcset=\"https:\/\/fima.com.mx\/wp-content\/uploads\/2023\/11\/Planta-FIMA-1024x578.webp 1024w, https:\/\/fima.com.mx\/wp-content\/uploads\/2023\/11\/Planta-FIMA-scaled-800x452.webp 800w, https:\/\/fima.com.mx\/wp-content\/uploads\/2023\/11\/Planta-FIMA-300x169.webp 300w, https:\/\/fima.com.mx\/wp-content\/uploads\/2023\/11\/Planta-FIMA-768x434.webp 768w, https:\/\/fima.com.mx\/wp-content\/uploads\/2023\/11\/Planta-FIMA-1536x867.webp 1536w, https:\/\/fima.com.mx\/wp-content\/uploads\/2023\/11\/Planta-FIMA-2048x1156.webp 2048w\" sizes=\"(max-width: 1024px) 100vw, 1024px\" \/>\t\t\t\t\t\t\t\t\t\t\t\t\t<\/div>\n\t\t\t\t<\/div>\n\t\t\t\t<\/div>\n\t\t\t\t\t<\/div>\n\t\t\t\t<\/div>\n\t\t\t\t\t<\/div>\n\t\t\t\t<\/div>\n\t\t<div class=\"elementor-element elementor-element-80e8f1e e-flex e-con-boxed e-con e-parent\" data-id=\"80e8f1e\" data-element_type=\"container\">\n\t\t\t\t\t<div class=\"e-con-inner\">\n\t\t<div class=\"elementor-element elementor-element-53e5de6 e-con-full e-flex e-con e-child\" data-id=\"53e5de6\" data-element_type=\"container\">\n\t\t\t\t<div class=\"elementor-element elementor-element-b6436a2 elementor-widget elementor-widget-heading\" data-id=\"b6436a2\" data-element_type=\"widget\" data-widget_type=\"heading.default\">\n\t\t\t\t<div class=\"elementor-widget-container\">\n\t\t\t<h2 class=\"elementor-heading-title elementor-size-default\">MISSION<\/h2>\t\t<\/div>\n\t\t\t\t<\/div>\n\t\t\t\t<div class=\"elementor-element elementor-element-d36a747 elementor-widget elementor-widget-text-editor\" data-id=\"d36a747\" data-element_type=\"widget\" data-widget_type=\"text-editor.default\">\n\t\t\t\t<div class=\"elementor-widget-container\">\n\t\t\t\t\t\t\t<p>We contribute to a cleaner world by supplying cleaning and personal care products, along with other complementary items, under our clients' brands. We achieve this with the best team in our market, satisfying stakeholders.<\/p>\t\t\t\t\t\t<\/div>\n\t\t\t\t<\/div>\n\t\t\t\t<\/div>\n\t\t<div class=\"elementor-element elementor-element-24af21e e-con-full e-flex e-con e-child\" data-id=\"24af21e\" data-element_type=\"container\">\n\t\t\t\t<div class=\"elementor-element elementor-element-8149b8b elementor-widget elementor-widget-heading\" data-id=\"8149b8b\" data-element_type=\"widget\" data-widget_type=\"heading.default\">\n\t\t\t\t<div class=\"elementor-widget-container\">\n\t\t\t<h2 class=\"elementor-heading-title elementor-size-default\">VISION<\/h2>\t\t<\/div>\n\t\t\t\t<\/div>\n\t\t\t\t<div class=\"elementor-element elementor-element-7959cf8 elementor-widget elementor-widget-text-editor\" data-id=\"7959cf8\" data-element_type=\"widget\" data-widget_type=\"text-editor.default\">\n\t\t\t\t<div class=\"elementor-widget-container\">\n\t\t\t\t\t\t\t<p>To be the market benchmark, offering tailored solutions to our clients with a world-class operation.<\/p>\t\t\t\t\t\t<\/div>\n\t\t\t\t<\/div>\n\t\t\t\t<\/div>\n\t\t<div class=\"elementor-element elementor-element-06b3a8e e-con-full e-flex e-con e-child\" data-id=\"06b3a8e\" data-element_type=\"container\">\n\t\t\t\t<div class=\"elementor-element elementor-element-a6cee1f elementor-widget elementor-widget-heading\" data-id=\"a6cee1f\" data-element_type=\"widget\" data-widget_type=\"heading.default\">\n\t\t\t\t<div class=\"elementor-widget-container\">\n\t\t\t<h2 class=\"elementor-heading-title elementor-size-default\">OBJECTIVES<\/h2>\t\t<\/div>\n\t\t\t\t<\/div>\n\t\t\t\t<div class=\"elementor-element elementor-element-7df95dd elementor-widget elementor-widget-text-editor\" data-id=\"7df95dd\" data-element_type=\"widget\" data-widget_type=\"text-editor.default\">\n\t\t\t\t<div class=\"elementor-widget-container\">\n\t\t\t\t\t\t\t<ul><li>Improve operating profit<\/li><li>Grow sales profitably<\/li><li>Provide superior service to<br \/>both internal and external customers<\/li><li>Enhance the productivity of our processes<\/li><li>Exert leadership in line with our values<\/li><\/ul>\t\t\t\t\t\t<\/div>\n\t\t\t\t<\/div>\n\t\t\t\t<\/div>\n\t\t\t\t\t<\/div>\n\t\t\t\t<\/div>\n\t\t<div class=\"elementor-element elementor-element-999fa03 e-flex e-con-boxed e-con e-parent\" data-id=\"999fa03\" data-element_type=\"container\">\n\t\t\t\t\t<div class=\"e-con-inner\">\n\t\t<div class=\"elementor-element elementor-element-8846c1a e-con-full e-flex e-con e-child\" data-id=\"8846c1a\" data-element_type=\"container\">\n\t\t\t\t<div class=\"elementor-element elementor-element-bc06783 elementor-position-top elementor-widget elementor-widget-image-box\" data-id=\"bc06783\" data-element_type=\"widget\" data-widget_type=\"image-box.default\">\n\t\t\t\t<div class=\"elementor-widget-container\">\n\t\t\t<style>\/*! elementor - v3.23.0 - 05-08-2024 *\/\n.elementor-widget-image-box .elementor-image-box-content{width:100%}@media (min-width:768px){.elementor-widget-image-box.elementor-position-left .elementor-image-box-wrapper,.elementor-widget-image-box.elementor-position-right .elementor-image-box-wrapper{display:flex}.elementor-widget-image-box.elementor-position-right .elementor-image-box-wrapper{text-align:end;flex-direction:row-reverse}.elementor-widget-image-box.elementor-position-left .elementor-image-box-wrapper{text-align:start;flex-direction:row}.elementor-widget-image-box.elementor-position-top .elementor-image-box-img{margin:auto}.elementor-widget-image-box.elementor-vertical-align-top .elementor-image-box-wrapper{align-items:flex-start}.elementor-widget-image-box.elementor-vertical-align-middle .elementor-image-box-wrapper{align-items:center}.elementor-widget-image-box.elementor-vertical-align-bottom .elementor-image-box-wrapper{align-items:flex-end}}@media (max-width:767px){.elementor-widget-image-box .elementor-image-box-img{margin-left:auto!important;margin-right:auto!important;margin-bottom:15px}}.elementor-widget-image-box .elementor-image-box-img{display:inline-block}.elementor-widget-image-box .elementor-image-box-title a{color:inherit}.elementor-widget-image-box .elementor-image-box-wrapper{text-align:center}.elementor-widget-image-box .elementor-image-box-description{margin:0}<\/style><div class=\"elementor-image-box-wrapper\"><figure class=\"elementor-image-box-img\"><img decoding=\"async\" width=\"340\" height=\"262\" src=\"https:\/\/fima.com.mx\/wp-content\/uploads\/2023\/11\/COMPROMISO.png\" class=\"attachment-full size-full wp-image-295\" alt=\"\" srcset=\"https:\/\/fima.com.mx\/wp-content\/uploads\/2023\/11\/COMPROMISO.png 340w, https:\/\/fima.com.mx\/wp-content\/uploads\/2023\/11\/COMPROMISO-300x231.png 300w\" sizes=\"(max-width: 340px) 100vw, 340px\" \/><\/figure><div class=\"elementor-image-box-content\"><h3 class=\"elementor-image-box-title\">Commitment<\/h3><p class=\"elementor-image-box-description\">Our attitude, dedication, and energy identify us in making things happen efficiently, communicating new ideas, and generating responsibility towards continuous improvement. We offer our employees attractive jobs, personal, and professional development opportunities.<\/p><\/div><\/div>\t\t<\/div>\n\t\t\t\t<\/div>\n\t\t\t\t<\/div>\n\t\t<div class=\"elementor-element elementor-element-e0f51eb e-con-full e-flex e-con e-child\" data-id=\"e0f51eb\" data-element_type=\"container\">\n\t\t\t\t<div class=\"elementor-element elementor-element-b793ef1 elementor-position-top elementor-widget elementor-widget-image-box\" data-id=\"b793ef1\" data-element_type=\"widget\" data-widget_type=\"image-box.default\">\n\t\t\t\t<div class=\"elementor-widget-container\">\n\t\t\t<div class=\"elementor-image-box-wrapper\"><figure class=\"elementor-image-box-img\"><img decoding=\"async\" width=\"340\" height=\"262\" src=\"https:\/\/fima.com.mx\/wp-content\/uploads\/2023\/11\/INTEGRIDAD.png\" class=\"attachment-full size-full wp-image-294\" alt=\"\" srcset=\"https:\/\/fima.com.mx\/wp-content\/uploads\/2023\/11\/INTEGRIDAD.png 340w, https:\/\/fima.com.mx\/wp-content\/uploads\/2023\/11\/INTEGRIDAD-300x231.png 300w\" sizes=\"(max-width: 340px) 100vw, 340px\" \/><\/figure><div class=\"elementor-image-box-content\"><h3 class=\"elementor-image-box-title\">Integrity<\/h3><p class=\"elementor-image-box-description\">We choose to do what is right based on truth, honesty, and respect for individuals, work, safety, employee well-being, and the environment. We are responsible for our obligations, with a focus on the customer, providing confidence and exemplary service.<\/p><\/div><\/div>\t\t<\/div>\n\t\t\t\t<\/div>\n\t\t\t\t<\/div>\n\t\t<div class=\"elementor-element elementor-element-3c66ae2 e-con-full e-flex e-con e-child\" data-id=\"3c66ae2\" data-element_type=\"container\">\n\t\t\t\t<div class=\"elementor-element elementor-element-c258399 elementor-position-top elementor-widget elementor-widget-image-box\" data-id=\"c258399\" data-element_type=\"widget\" data-widget_type=\"image-box.default\">\n\t\t\t\t<div class=\"elementor-widget-container\">\n\t\t\t<div class=\"elementor-image-box-wrapper\"><figure class=\"elementor-image-box-img\"><img loading=\"lazy\" decoding=\"async\" width=\"340\" height=\"262\" src=\"https:\/\/fima.com.mx\/wp-content\/uploads\/2023\/11\/ESPIRITU-DE-TRABAJO.png\" class=\"attachment-full size-full wp-image-293\" alt=\"\" srcset=\"https:\/\/fima.com.mx\/wp-content\/uploads\/2023\/11\/ESPIRITU-DE-TRABAJO.png 340w, https:\/\/fima.com.mx\/wp-content\/uploads\/2023\/11\/ESPIRITU-DE-TRABAJO-300x231.png 300w\" sizes=\"(max-width: 340px) 100vw, 340px\" \/><\/figure><div class=\"elementor-image-box-content\"><h3 class=\"elementor-image-box-title\">Team Spirit<\/h3><p class=\"elementor-image-box-description\">We work towards a common goal with harmony, collaboration, willingness, and openness, fostering efforts and reaping achievements.<\/p><\/div><\/div>\t\t<\/div>\n\t\t\t\t<\/div>\n\t\t\t\t<\/div>\n\t\t<div class=\"elementor-element elementor-element-a1d94eb e-con-full e-flex e-con e-child\" data-id=\"a1d94eb\" data-element_type=\"container\">\n\t\t\t\t<div class=\"elementor-element elementor-element-98e26c9 elementor-position-top elementor-widget elementor-widget-image-box\" data-id=\"98e26c9\" data-element_type=\"widget\" data-widget_type=\"image-box.default\">\n\t\t\t\t<div class=\"elementor-widget-container\">\n\t\t\t<div class=\"elementor-image-box-wrapper\"><figure class=\"elementor-image-box-img\"><img loading=\"lazy\" decoding=\"async\" width=\"340\" height=\"262\" src=\"https:\/\/fima.com.mx\/wp-content\/uploads\/2023\/11\/INNOVACION.png\" class=\"attachment-full size-full wp-image-292\" alt=\"\" srcset=\"https:\/\/fima.com.mx\/wp-content\/uploads\/2023\/11\/INNOVACION.png 340w, https:\/\/fima.com.mx\/wp-content\/uploads\/2023\/11\/INNOVACION-300x231.png 300w\" sizes=\"(max-width: 340px) 100vw, 340px\" \/><\/figure><div class=\"elementor-image-box-content\"><h3 class=\"elementor-image-box-title\">Innovation<\/h3><p class=\"elementor-image-box-description\">We seek sustainability, success, and the transcendence of the organization by embracing change and constantly designing new processes for continuous improvement. This enables us to deliver added value to our customers with each of our products.<\/p><\/div><\/div>\t\t<\/div>\n\t\t\t\t<\/div>\n\t\t\t\t<\/div>\n\t\t<div class=\"elementor-element elementor-element-300f125 e-con-full e-flex e-con e-child\" data-id=\"300f125\" data-element_type=\"container\">\n\t\t\t\t<div class=\"elementor-element elementor-element-5335cde elementor-position-top elementor-widget elementor-widget-image-box\" data-id=\"5335cde\" data-element_type=\"widget\" data-widget_type=\"image-box.default\">\n\t\t\t\t<div class=\"elementor-widget-container\">\n\t\t\t<div class=\"elementor-image-box-wrapper\"><figure class=\"elementor-image-box-img\"><img loading=\"lazy\" decoding=\"async\" width=\"340\" height=\"262\" src=\"https:\/\/fima.com.mx\/wp-content\/uploads\/2023\/11\/ENFOQUE-DE-RESULTADOS.png\" class=\"attachment-full size-full wp-image-291\" alt=\"\" srcset=\"https:\/\/fima.com.mx\/wp-content\/uploads\/2023\/11\/ENFOQUE-DE-RESULTADOS.png 340w, https:\/\/fima.com.mx\/wp-content\/uploads\/2023\/11\/ENFOQUE-DE-RESULTADOS-300x231.png 300w\" sizes=\"(max-width: 340px) 100vw, 340px\" \/><\/figure><div class=\"elementor-image-box-content\"><h3 class=\"elementor-image-box-title\">Results Orientation<\/h3><p class=\"elementor-image-box-description\">We are focused on achieving goals and objectives by anticipating and understanding the needs of our customers. We generate profitable results in each of our operations to ensure the sustainability of the company.<\/p><\/div><\/div>\t\t<\/div>\n\t\t\t\t<\/div>\n\t\t\t\t<\/div>\n\t\t\t\t\t<\/div>\n\t\t\t\t<\/div>\n\t\t\t\t<\/div>","protected":false},"excerpt":{"rendered":"<p>D\u00e9cadas de Experiencia a tu servicio Somos una empresa con casi 50 a\u00f1os de experiencia, integrada por m\u00e1s de 400 personas dedicados a manufacturar productos de limpieza para el hogar, el cuidado del autom\u00f3vil y el aseo personal bajo la marca de nuestros clientes. Con una visi\u00f3n de crecimiento y de globalizaci\u00f3n, comenzamos a exportar [&hellip;]<\/p>","protected":false},"author":1,"featured_media":0,"parent":0,"menu_order":0,"comment_status":"closed","ping_status":"closed","template":"","meta":{"footnotes":""},"class_list":["post-45","page","type-page","status-publish","hentry","wpbf-post"],"_links":{"self":[{"href":"https:\/\/fima.com.mx\/en\/wp-json\/wp\/v2\/pages\/45","targetHints":{"allow":["GET"]}}],"collection":[{"href":"https:\/\/fima.com.mx\/en\/wp-json\/wp\/v2\/pages"}],"about":[{"href":"https:\/\/fima.com.mx\/en\/wp-json\/wp\/v2\/types\/page"}],"author":[{"embeddable":true,"href":"https:\/\/fima.com.mx\/en\/wp-json\/wp\/v2\/users\/1"}],"replies":[{"embeddable":true,"href":"https:\/\/fima.com.mx\/en\/wp-json\/wp\/v2\/comments?post=45"}],"version-history":[{"count":35,"href":"https:\/\/fima.com.mx\/en\/wp-json\/wp\/v2\/pages\/45\/revisions"}],"predecessor-version":[{"id":1204,"href":"https:\/\/fima.com.mx\/en\/wp-json\/wp\/v2\/pages\/45\/revisions\/1204"}],"wp:attachment":[{"href":"https:\/\/fima.com.mx\/en\/wp-json\/wp\/v2\/media?parent=45"}],"curies":[{"name":"wp","href":"https:\/\/api.w.org\/{rel}","templated":true}]}}